{"id":49,"date":"2024-12-14T21:54:25","date_gmt":"2024-12-14T21:54:25","guid":{"rendered":"https:\/\/evolkwellness.com\/about\/"},"modified":"2025-01-19T12:31:40","modified_gmt":"2025-01-19T12:31:40","slug":"about","status":"publish","type":"page","link":"https:\/\/evolkwellness.com\/es\/about\/","title":{"rendered":"Acerca de"},"content":{"rendered":"<div data-elementor-type=\"wp-page\" data-elementor-id=\"49\" class=\"elementor elementor-49\">\n\t\t\t\t<div class=\"elementor-element elementor-element-820bd5c e-flex e-con-boxed e-con e-parent\" data-id=\"820bd5c\" data-element_type=\"container\" data-settings=\"{&quot;background_background&quot;:&quot;classic&quot;}\">\n\t\t\t\t\t<div class=\"e-con-inner\">\n\t\t<div class=\"elementor-element elementor-element-22f917c e-con-full e-flex e-con e-child\" data-id=\"22f917c\" data-element_type=\"container\">\n\t\t\t\t<div class=\"elementor-element elementor-element-6266198 elementor-widget elementor-widget-heading\" data-id=\"6266198\" data-element_type=\"widget\" data-widget_type=\"heading.default\">\n\t\t\t\t<div class=\"elementor-widget-container\">\n\t\t\t\t\t<h6 class=\"elementor-heading-title elementor-size-default\">EVOLK WELLNESS<\/h6>\t\t\t\t<\/div>\n\t\t\t\t<\/div>\n\t\t\t\t<div class=\"elementor-element elementor-element-0a638e9 elementor-widget elementor-widget-heading\" data-id=\"0a638e9\" data-element_type=\"widget\" data-widget_type=\"heading.default\">\n\t\t\t\t<div class=\"elementor-widget-container\">\n\t\t\t\t\t<h1 class=\"elementor-heading-title elementor-size-default\">Sobre nosotros<\/h1>\t\t\t\t<\/div>\n\t\t\t\t<\/div>\n\t\t\t\t<div class=\"elementor-element elementor-element-a3c67d9 elementor-widget elementor-widget-text-editor\" data-id=\"a3c67d9\" data-element_type=\"widget\" data-widget_type=\"text-editor.default\">\n\t\t\t\t<div class=\"elementor-widget-container\">\n\t\t\t\t\t\t\t\t\t<p>Descubra la filosof\u00eda que nos gu\u00eda: bienestar integral, atenci\u00f3n personalizada y un enfoque hol\u00edstico de su salud y relajaci\u00f3n.<\/p>\t\t\t\t\t\t\t\t<\/div>\n\t\t\t\t<\/div>\n\t\t\t\t<\/div>\n\t\t\t\t\t<\/div>\n\t\t\t\t<\/div>\n\t\t\t\t<section class=\"elementor-section elementor-top-section elementor-element elementor-element-5354f2e elementor-section-content-middle elementor-section-boxed elementor-section-height-default elementor-section-height-default\" data-id=\"5354f2e\" data-element_type=\"section\">\n\t\t\t\t\t\t<div class=\"elementor-container elementor-column-gap-default\">\n\t\t\t\t\t<div class=\"elementor-column elementor-col-50 elementor-top-column elementor-element elementor-element-c59a3c2 elementor-invisible\" data-id=\"c59a3c2\" data-element_type=\"column\" data-settings=\"{&quot;animation&quot;:&quot;fadeInLeft&quot;,&quot;background_background&quot;:&quot;classic&quot;}\">\n\t\t\t<div class=\"elementor-widget-wrap elementor-element-populated\">\n\t\t\t\t\t\t<div class=\"elementor-element elementor-element-2a5d1d7 elementor-widget elementor-widget-image\" data-id=\"2a5d1d7\" data-element_type=\"widget\" data-widget_type=\"image.default\">\n\t\t\t\t<div class=\"elementor-widget-container\">\n\t\t\t\t\t\t\t\t\t\t\t\t\t\t\t<img fetchpriority=\"high\" decoding=\"async\" width=\"1200\" height=\"1600\" src=\"https:\/\/evolkwellness.com\/wp-content\/uploads\/2025\/01\/WhatsApp-Image-2025-01-19-at-11.53.20-AM.jpeg\" class=\"attachment-full size-full wp-image-657\" alt=\"\" srcset=\"https:\/\/evolkwellness.com\/wp-content\/uploads\/2025\/01\/WhatsApp-Image-2025-01-19-at-11.53.20-AM.jpeg 1200w, https:\/\/evolkwellness.com\/wp-content\/uploads\/2025\/01\/WhatsApp-Image-2025-01-19-at-11.53.20-AM-225x300.jpeg 225w, https:\/\/evolkwellness.com\/wp-content\/uploads\/2025\/01\/WhatsApp-Image-2025-01-19-at-11.53.20-AM-768x1024.jpeg 768w, https:\/\/evolkwellness.com\/wp-content\/uploads\/2025\/01\/WhatsApp-Image-2025-01-19-at-11.53.20-AM-1152x1536.jpeg 1152w, https:\/\/evolkwellness.com\/wp-content\/uploads\/2025\/01\/WhatsApp-Image-2025-01-19-at-11.53.20-AM-9x12.jpeg 9w\" sizes=\"(max-width: 1200px) 100vw, 1200px\" \/>\t\t\t\t\t\t\t\t\t\t\t\t\t\t\t<\/div>\n\t\t\t\t<\/div>\n\t\t\t\t\t<\/div>\n\t\t<\/div>\n\t\t\t\t<div class=\"elementor-column elementor-col-50 elementor-top-column elementor-element elementor-element-3732cdb elementor-invisible\" data-id=\"3732cdb\" data-element_type=\"column\" data-settings=\"{&quot;animation&quot;:&quot;fadeInRight&quot;}\">\n\t\t\t<div class=\"elementor-widget-wrap elementor-element-populated\">\n\t\t\t\t\t\t<div class=\"elementor-element elementor-element-5644589 elementor-invisible elementor-widget elementor-widget-heading\" data-id=\"5644589\" data-element_type=\"widget\" data-settings=\"{&quot;_animation&quot;:&quot;fadeInRight&quot;}\" data-widget_type=\"heading.default\">\n\t\t\t\t<div class=\"elementor-widget-container\">\n\t\t\t\t\t<h2 class=\"elementor-heading-title elementor-size-default\">Un espacio dedicado a tu bienestar<\/h2>\t\t\t\t<\/div>\n\t\t\t\t<\/div>\n\t\t\t\t<div class=\"elementor-element elementor-element-f463912 elementor-invisible elementor-widget elementor-widget-text-editor\" data-id=\"f463912\" data-element_type=\"widget\" data-settings=\"{&quot;_animation&quot;:&quot;fadeInRight&quot;}\" data-widget_type=\"text-editor.default\">\n\t\t\t\t<div class=\"elementor-widget-container\">\n\t\t\t\t\t\t\t\t\t<p>En nuestro centro, ubicado en el coraz\u00f3n de Londres, se dedican todos los esfuerzos a ofrecer una experiencia \u00fanica de bienestar y relajaci\u00f3n adaptada a las necesidades de cada cliente. Con experiencia en t\u00e9cnicas modernas y productos naturales de alta calidad, el enfoque est\u00e1 en brindar los mejores tratamientos para mejorar su bienestar f\u00edsico y emocional.<\/p><p>Desde masajes terap\u00e9uticos y relajantes hasta tratamientos especializados como cavitaci\u00f3n o aromaterapia, cada servicio est\u00e1 dise\u00f1ado para ayudarte a desconectar del estr\u00e9s diario y disfrutar de un tiempo exclusivo para ti.<\/p><p>Se encuentra disponible una amplia variedad de tratamientos, que incluyen masajes deportivos, reflexolog\u00eda, masajes con piedras calientes y m\u00e1s, todos cuidadosamente dise\u00f1ados para sus necesidades espec\u00edficas. Ya sea que busques relajarte, aliviar tensiones o mejorar el rendimiento f\u00edsico, este centro ofrece la soluci\u00f3n perfecta.<\/p><p>\u00a0<\/p>\t\t\t\t\t\t\t\t<\/div>\n\t\t\t\t<\/div>\n\t\t\t\t\t<\/div>\n\t\t<\/div>\n\t\t\t\t\t<\/div>\n\t\t<\/section>\n\t\t<div class=\"elementor-element elementor-element-2d50ee9 e-flex e-con-boxed e-con e-child\" data-id=\"2d50ee9\" data-element_type=\"container\">\n\t\t\t\t\t<div class=\"e-con-inner\">\n\t\t\t\t<div class=\"elementor-element elementor-element-8357108 elementor-widget__width-initial elementor-widget-mobile__width-inherit elementor-view-default elementor-position-top elementor-mobile-position-top elementor-widget elementor-widget-icon-box\" data-id=\"8357108\" data-element_type=\"widget\" data-widget_type=\"icon-box.default\">\n\t\t\t\t<div class=\"elementor-widget-container\">\n\t\t\t\t\t\t\t<div class=\"elementor-icon-box-wrapper\">\n\n\t\t\t\t\t\t<div class=\"elementor-icon-box-icon\">\n\t\t\t\t<span  class=\"elementor-icon\">\n\t\t\t\t<svg aria-hidden=\"true\" class=\"e-font-icon-svg e-fas-spa\" viewbox=\"0 0 576 512\" xmlns=\"http:\/\/www.w3.org\/2000\/svg\"><path d=\"M568.25 192c-29.04.13-135.01 6.16-213.84 83-33.12 29.63-53.36 63.3-66.41 94.86-13.05-31.56-33.29-65.23-66.41-94.86-78.83-76.84-184.8-82.87-213.84-83-4.41-.02-7.79 3.4-7.75 7.82.23 27.92 7.14 126.14 88.77 199.3C172.79 480.94 256 480 288 480s115.19.95 199.23-80.88c81.64-73.17 88.54-171.38 88.77-199.3.04-4.42-3.34-7.84-7.75-7.82zM287.98 302.6c12.82-18.85 27.6-35.78 44.09-50.52 19.09-18.61 39.58-33.3 60.26-45.18-16.44-70.5-51.72-133.05-96.73-172.22-4.11-3.58-11.02-3.58-15.14 0-44.99 39.14-80.27 101.63-96.74 172.07 20.37 11.7 40.5 26.14 59.22 44.39a282.768 282.768 0 0 1 45.04 51.46z\"><\/path><\/svg>\t\t\t\t<\/span>\n\t\t\t<\/div>\n\t\t\t\n\t\t\t\t\t\t<div class=\"elementor-icon-box-content\">\n\n\t\t\t\t\t\t\t\t\t<h4 class=\"elementor-icon-box-title\">\n\t\t\t\t\t\t<span  >\n\t\t\t\t\t\t\tBienestar\t\t\t\t\t\t<\/span>\n\t\t\t\t\t<\/h4>\n\t\t\t\t\n\t\t\t\t\t\t\t\t\t<p class=\"elementor-icon-box-description\">\n\t\t\t\t\t\tCuidamos de ti con un enfoque integral para restaurar tu energ\u00eda y equilibrio interior.\t\t\t\t\t<\/p>\n\t\t\t\t\n\t\t\t<\/div>\n\t\t\t\n\t\t<\/div>\n\t\t\t\t\t\t<\/div>\n\t\t\t\t<\/div>\n\t\t\t\t<div class=\"elementor-element elementor-element-83ae385 elementor-widget__width-initial elementor-widget-mobile__width-inherit elementor-view-default elementor-position-top elementor-mobile-position-top elementor-widget elementor-widget-icon-box\" data-id=\"83ae385\" data-element_type=\"widget\" data-widget_type=\"icon-box.default\">\n\t\t\t\t<div class=\"elementor-widget-container\">\n\t\t\t\t\t\t\t<div class=\"elementor-icon-box-wrapper\">\n\n\t\t\t\t\t\t<div class=\"elementor-icon-box-icon\">\n\t\t\t\t<span  class=\"elementor-icon\">\n\t\t\t\t<svg aria-hidden=\"true\" class=\"e-font-icon-svg e-fas-hands\" viewbox=\"0 0 640 512\" xmlns=\"http:\/\/www.w3.org\/2000\/svg\"><path d=\"M204.8 230.4c-10.6-14.1-30.7-17-44.8-6.4-14.1 10.6-17 30.7-6.4 44.8l38.1 50.8c4.8 6.4 4.1 15.3-1.5 20.9l-12.8 12.8c-6.7 6.7-17.6 6.2-23.6-1.1L64 244.4V96c0-17.7-14.3-32-32-32S0 78.3 0 96v218.4c0 10.9 3.7 21.5 10.5 30l104.1 134.3c5 6.5 8.4 13.9 10.4 21.7 1.8 6.9 8.1 11.6 15.3 11.6H272c8.8 0 16-7.2 16-16V384c0-27.7-9-54.6-25.6-76.8l-57.6-76.8zM608 64c-17.7 0-32 14.3-32 32v148.4l-89.8 107.8c-6 7.2-17 7.7-23.6 1.1l-12.8-12.8c-5.6-5.6-6.3-14.5-1.5-20.9l38.1-50.8c10.6-14.1 7.7-34.2-6.4-44.8-14.1-10.6-34.2-7.7-44.8 6.4l-57.6 76.8C361 329.4 352 356.3 352 384v112c0 8.8 7.2 16 16 16h131.7c7.1 0 13.5-4.7 15.3-11.6 2-7.8 5.4-15.2 10.4-21.7l104.1-134.3c6.8-8.5 10.5-19.1 10.5-30V96c0-17.7-14.3-32-32-32z\"><\/path><\/svg>\t\t\t\t<\/span>\n\t\t\t<\/div>\n\t\t\t\n\t\t\t\t\t\t<div class=\"elementor-icon-box-content\">\n\n\t\t\t\t\t\t\t\t\t<h4 class=\"elementor-icon-box-title\">\n\t\t\t\t\t\t<span  >\n\t\t\t\t\t\t\tBelleza\t\t\t\t\t\t<\/span>\n\t\t\t\t\t<\/h4>\n\t\t\t\t\n\t\t\t\t\t\t\t\t\t<p class=\"elementor-icon-box-description\">\n\t\t\t\t\t\tRealza tu belleza natural con tratamientos dise\u00f1ados para cuidar y embellecer tu piel y cuerpo.\t\t\t\t\t<\/p>\n\t\t\t\t\n\t\t\t<\/div>\n\t\t\t\n\t\t<\/div>\n\t\t\t\t\t\t<\/div>\n\t\t\t\t<\/div>\n\t\t\t\t<div class=\"elementor-element elementor-element-3938e27 elementor-widget__width-initial elementor-widget-mobile__width-inherit elementor-view-default elementor-position-top elementor-mobile-position-top elementor-widget elementor-widget-icon-box\" data-id=\"3938e27\" data-element_type=\"widget\" data-widget_type=\"icon-box.default\">\n\t\t\t\t<div class=\"elementor-widget-container\">\n\t\t\t\t\t\t\t<div class=\"elementor-icon-box-wrapper\">\n\n\t\t\t\t\t\t<div class=\"elementor-icon-box-icon\">\n\t\t\t\t<span  class=\"elementor-icon\">\n\t\t\t\t<svg aria-hidden=\"true\" class=\"e-font-icon-svg e-fas-hands-wash\" viewbox=\"0 0 576 512\" xmlns=\"http:\/\/www.w3.org\/2000\/svg\"><path d=\"M496,224a48,48,0,1,0-48-48A48,48,0,0,0,496,224ZM311.47,178.45A56.77,56.77,0,0,1,328,176a56,56,0,0,1,19,3.49l15.35-48.61A24,24,0,0,0,342,99.74c-11.53-1.35-22.21,6.44-25.71,17.51l-20.9,66.17ZM93.65,386.33c.8-.19,1.54-.54,2.35-.71V359.93a156,156,0,0,1,107.06-148l73.7-22.76L310.92,81.05a24,24,0,0,0-20.33-31.11c-11.53-1.34-22.22,6.45-25.72,17.52L231.42,173.88a8,8,0,0,1-15.26-4.83L259.53,31.26A24,24,0,0,0,239.2.15C227.67-1.19,217,6.6,213.49,17.66L165.56,169.37a8,8,0,1,1-15.26-4.82l38.56-122a24,24,0,0,0-20.33-31.11C157,10,146.32,17.83,142.82,28.9l-60,189.85L80.76,168.7A24,24,0,0,0,56.9,144.55c-13.23-.05-24.72,10.54-24.9,23.86V281.14A123.69,123.69,0,0,0,93.65,386.33ZM519.1,336H360a8,8,0,0,1,0-16H488a24,24,0,0,0,23.54-28.76C509.35,279.84,498.71,272,487.1,272H288l47.09-17.06a24,24,0,0,0-14.18-45.88L213.19,242.31A123.88,123.88,0,0,0,128,360v25.65a79.78,79.78,0,0,1,58,108.63A118.9,118.9,0,0,0,248,512H456a24,24,0,0,0,23.54-28.76C477.35,471.84,466.71,464,455.1,464H360a8,8,0,0,1,0-16H488a24,24,0,0,0,23.54-28.76C509.35,407.84,498.71,400,487.1,400H360a8,8,0,0,1,0-16H520a24,24,0,0,0,23.54-28.76C541.35,343.84,530.71,336,519.1,336ZM416,64a32,32,0,1,0-32-32A32,32,0,0,0,416,64ZM112,416a48,48,0,1,0,48,48A48,48,0,0,0,112,416Z\"><\/path><\/svg>\t\t\t\t<\/span>\n\t\t\t<\/div>\n\t\t\t\n\t\t\t\t\t\t<div class=\"elementor-icon-box-content\">\n\n\t\t\t\t\t\t\t\t\t<h4 class=\"elementor-icon-box-title\">\n\t\t\t\t\t\t<span  >\n\t\t\t\t\t\t\tMasaje\t\t\t\t\t\t<\/span>\n\t\t\t\t\t<\/h4>\n\t\t\t\t\n\t\t\t\t\t\t\t\t\t<p class=\"elementor-icon-box-description\">\n\t\t\t\t\t\tT\u00e9cnicas especializadas para aliviar tensiones, revitalizar tus m\u00fasculos y brindarte la calma que necesitas.\t\t\t\t\t<\/p>\n\t\t\t\t\n\t\t\t<\/div>\n\t\t\t\n\t\t<\/div>\n\t\t\t\t\t\t<\/div>\n\t\t\t\t<\/div>\n\t\t\t\t\t<\/div>\n\t\t\t\t<\/div>\n\t\t\t\t<section class=\"elementor-section elementor-top-section elementor-element elementor-element-89c3815 elementor-section-content-middle elementor-section-boxed elementor-section-height-default elementor-section-height-default\" data-id=\"89c3815\" data-element_type=\"section\" data-settings=\"{&quot;background_background&quot;:&quot;classic&quot;}\">\n\t\t\t\t\t\t<div class=\"elementor-container elementor-column-gap-no\">\n\t\t\t\t\t<div class=\"elementor-column elementor-col-50 elementor-top-column elementor-element elementor-element-e3c626c elementor-invisible\" data-id=\"e3c626c\" data-element_type=\"column\" data-settings=\"{&quot;animation&quot;:&quot;fadeInLeft&quot;}\">\n\t\t\t<div class=\"elementor-widget-wrap elementor-element-populated\">\n\t\t\t\t\t\t<div class=\"elementor-element elementor-element-7fbf302 elementor-invisible elementor-widget elementor-widget-heading\" data-id=\"7fbf302\" data-element_type=\"widget\" data-settings=\"{&quot;_animation&quot;:&quot;fadeInRight&quot;}\" data-widget_type=\"heading.default\">\n\t\t\t\t<div class=\"elementor-widget-container\">\n\t\t\t\t\t<h2 class=\"elementor-heading-title elementor-size-default\">Misi\u00f3n<\/h2>\t\t\t\t<\/div>\n\t\t\t\t<\/div>\n\t\t\t\t<div class=\"elementor-element elementor-element-1562651 elementor-invisible elementor-widget elementor-widget-text-editor\" data-id=\"1562651\" data-element_type=\"widget\" data-settings=\"{&quot;_animation&quot;:&quot;fadeInRight&quot;}\" data-widget_type=\"text-editor.default\">\n\t\t\t\t<div class=\"elementor-widget-container\">\n\t\t\t\t\t\t\t\t\t<p>Nuestra misi\u00f3n es brindar a cada cliente una experiencia personalizada de bienestar f\u00edsico y emocional, combinando t\u00e9cnicas de masajes tradicionales y tratamientos especiales con un enfoque en la empat\u00eda, el amor y la pasi\u00f3n por el bienestar hol\u00edstico. Nos comprometemos a ofrecer un espacio donde las personas puedan desconectarse del estr\u00e9s diario, rejuvenecer sus cuerpos y recuperar su equilibrio interior.<\/p>\t\t\t\t\t\t\t\t<\/div>\n\t\t\t\t<\/div>\n\t\t\t\t\t<\/div>\n\t\t<\/div>\n\t\t\t\t<div class=\"elementor-column elementor-col-50 elementor-top-column elementor-element elementor-element-6c9abb2 elementor-invisible\" data-id=\"6c9abb2\" data-element_type=\"column\" data-settings=\"{&quot;animation&quot;:&quot;fadeInRight&quot;,&quot;background_background&quot;:&quot;classic&quot;}\">\n\t\t\t<div class=\"elementor-widget-wrap elementor-element-populated\">\n\t\t\t\t\t\t<div class=\"elementor-element elementor-element-32ec1b6 elementor-widget elementor-widget-image\" data-id=\"32ec1b6\" data-element_type=\"widget\" data-widget_type=\"image.default\">\n\t\t\t\t<div class=\"elementor-widget-container\">\n\t\t\t\t\t\t\t\t\t\t\t\t\t\t\t<img decoding=\"async\" width=\"1200\" height=\"1600\" src=\"https:\/\/evolkwellness.com\/wp-content\/uploads\/2025\/01\/WhatsApp-Image-2025-01-19-at-11.53.20-AM-1.jpeg\" class=\"attachment-full size-full wp-image-658\" alt=\"\" srcset=\"https:\/\/evolkwellness.com\/wp-content\/uploads\/2025\/01\/WhatsApp-Image-2025-01-19-at-11.53.20-AM-1.jpeg 1200w, https:\/\/evolkwellness.com\/wp-content\/uploads\/2025\/01\/WhatsApp-Image-2025-01-19-at-11.53.20-AM-1-225x300.jpeg 225w, https:\/\/evolkwellness.com\/wp-content\/uploads\/2025\/01\/WhatsApp-Image-2025-01-19-at-11.53.20-AM-1-768x1024.jpeg 768w, https:\/\/evolkwellness.com\/wp-content\/uploads\/2025\/01\/WhatsApp-Image-2025-01-19-at-11.53.20-AM-1-1152x1536.jpeg 1152w, https:\/\/evolkwellness.com\/wp-content\/uploads\/2025\/01\/WhatsApp-Image-2025-01-19-at-11.53.20-AM-1-9x12.jpeg 9w\" sizes=\"(max-width: 1200px) 100vw, 1200px\" \/>\t\t\t\t\t\t\t\t\t\t\t\t\t\t\t<\/div>\n\t\t\t\t<\/div>\n\t\t\t\t\t<\/div>\n\t\t<\/div>\n\t\t\t\t\t<\/div>\n\t\t<\/section>\n\t\t\t\t<section class=\"elementor-section elementor-top-section elementor-element elementor-element-5b76447 elementor-section-content-middle elementor-section-boxed elementor-section-height-default elementor-section-height-default\" data-id=\"5b76447\" data-element_type=\"section\" data-settings=\"{&quot;background_background&quot;:&quot;classic&quot;}\">\n\t\t\t\t\t\t<div class=\"elementor-container elementor-column-gap-no\">\n\t\t\t\t\t<div class=\"elementor-column elementor-col-50 elementor-top-column elementor-element elementor-element-271c06d elementor-invisible\" data-id=\"271c06d\" data-element_type=\"column\" data-settings=\"{&quot;animation&quot;:&quot;fadeInLeft&quot;,&quot;background_background&quot;:&quot;classic&quot;}\">\n\t\t\t<div class=\"elementor-widget-wrap elementor-element-populated\">\n\t\t\t\t\t\t<div class=\"elementor-element elementor-element-25b40eb elementor-widget elementor-widget-image\" data-id=\"25b40eb\" data-element_type=\"widget\" data-widget_type=\"image.default\">\n\t\t\t\t<div class=\"elementor-widget-container\">\n\t\t\t\t\t\t\t\t\t\t\t\t\t\t\t<img decoding=\"async\" width=\"1200\" height=\"1600\" src=\"https:\/\/evolkwellness.com\/wp-content\/uploads\/2025\/01\/WhatsApp-Image-2025-01-19-at-11.37.29-AM.jpeg\" class=\"attachment-full size-full wp-image-661\" alt=\"\" srcset=\"https:\/\/evolkwellness.com\/wp-content\/uploads\/2025\/01\/WhatsApp-Image-2025-01-19-at-11.37.29-AM.jpeg 1200w, https:\/\/evolkwellness.com\/wp-content\/uploads\/2025\/01\/WhatsApp-Image-2025-01-19-at-11.37.29-AM-225x300.jpeg 225w, https:\/\/evolkwellness.com\/wp-content\/uploads\/2025\/01\/WhatsApp-Image-2025-01-19-at-11.37.29-AM-768x1024.jpeg 768w, https:\/\/evolkwellness.com\/wp-content\/uploads\/2025\/01\/WhatsApp-Image-2025-01-19-at-11.37.29-AM-1152x1536.jpeg 1152w, https:\/\/evolkwellness.com\/wp-content\/uploads\/2025\/01\/WhatsApp-Image-2025-01-19-at-11.37.29-AM-9x12.jpeg 9w\" sizes=\"(max-width: 1200px) 100vw, 1200px\" \/>\t\t\t\t\t\t\t\t\t\t\t\t\t\t\t<\/div>\n\t\t\t\t<\/div>\n\t\t\t\t\t<\/div>\n\t\t<\/div>\n\t\t\t\t<div class=\"elementor-column elementor-col-50 elementor-top-column elementor-element elementor-element-b204e76 elementor-invisible\" data-id=\"b204e76\" data-element_type=\"column\" data-settings=\"{&quot;animation&quot;:&quot;fadeInRight&quot;}\">\n\t\t\t<div class=\"elementor-widget-wrap elementor-element-populated\">\n\t\t\t\t\t\t<div class=\"elementor-element elementor-element-0887ab3 elementor-invisible elementor-widget elementor-widget-heading\" data-id=\"0887ab3\" data-element_type=\"widget\" data-settings=\"{&quot;_animation&quot;:&quot;fadeInRight&quot;}\" data-widget_type=\"heading.default\">\n\t\t\t\t<div class=\"elementor-widget-container\">\n\t\t\t\t\t<h2 class=\"elementor-heading-title elementor-size-default\">Visi\u00f3n<\/h2>\t\t\t\t<\/div>\n\t\t\t\t<\/div>\n\t\t\t\t<div class=\"elementor-element elementor-element-b5a2041 elementor-invisible elementor-widget elementor-widget-text-editor\" data-id=\"b5a2041\" data-element_type=\"widget\" data-settings=\"{&quot;_animation&quot;:&quot;fadeInRight&quot;}\" data-widget_type=\"text-editor.default\">\n\t\t\t\t<div class=\"elementor-widget-container\">\n\t\t\t\t\t\t\t\t\t<p>Ser reconocidos como el centro de bienestar m\u00e1s innovador y centrado en el ser humano, donde cada cliente se sienta cuidado no s\u00f3lo f\u00edsicamente sino tambi\u00e9n emocionalmente. Aspiramos a convertirnos en un referente de salud integral en nuestra comunidad, redefiniendo el concepto de masajes y tratamientos corporales como una necesidad fundamental para el bienestar y la felicidad personal.<\/p>\t\t\t\t\t\t\t\t<\/div>\n\t\t\t\t<\/div>\n\t\t\t\t\t<\/div>\n\t\t<\/div>\n\t\t\t\t\t<\/div>\n\t\t<\/section>\n\t\t\t\t<section class=\"elementor-section elementor-top-section elementor-element elementor-element-f3056db elementor-section-content-middle elementor-section-boxed elementor-section-height-default elementor-section-height-default\" data-id=\"f3056db\" data-element_type=\"section\" data-settings=\"{&quot;background_background&quot;:&quot;classic&quot;}\">\n\t\t\t\t\t\t<div class=\"elementor-container elementor-column-gap-no\">\n\t\t\t\t\t<div class=\"elementor-column elementor-col-50 elementor-top-column elementor-element elementor-element-e27a861 elementor-invisible\" data-id=\"e27a861\" data-element_type=\"column\" data-settings=\"{&quot;animation&quot;:&quot;fadeInLeft&quot;}\">\n\t\t\t<div class=\"elementor-widget-wrap elementor-element-populated\">\n\t\t\t\t\t\t<div class=\"elementor-element elementor-element-f20d87c elementor-invisible elementor-widget elementor-widget-heading\" data-id=\"f20d87c\" data-element_type=\"widget\" data-settings=\"{&quot;_animation&quot;:&quot;fadeInRight&quot;}\" data-widget_type=\"heading.default\">\n\t\t\t\t<div class=\"elementor-widget-container\">\n\t\t\t\t\t<h2 class=\"elementor-heading-title elementor-size-default\">Valores<\/h2>\t\t\t\t<\/div>\n\t\t\t\t<\/div>\n\t\t\t\t<div class=\"elementor-element elementor-element-df8de79 elementor-invisible elementor-widget elementor-widget-text-editor\" data-id=\"df8de79\" data-element_type=\"widget\" data-settings=\"{&quot;_animation&quot;:&quot;fadeInRight&quot;}\" data-widget_type=\"text-editor.default\">\n\t\t\t\t<div class=\"elementor-widget-container\">\n\t\t\t\t\t\t\t\t\t<div class=\"flex-shrink-0 flex flex-col relative items-end\"><div><div class=\"pt-0\"><div class=\"gizmo-bot-avatar flex h-8 w-8 items-center justify-center overflow-hidden rounded-full\"><div class=\"relative p-1 rounded-sm flex items-center justify-center bg-token-main-surface-primary text-token-text-primary h-8 w-8\">\u00a0<\/div><\/div><\/div><\/div><\/div><div class=\"group\/conversation-turn relative flex w-full min-w-0 flex-col agent-turn\"><div class=\"flex-col gap-1 md:gap-3\"><div class=\"flex max-w-full flex-col flex-grow\"><div class=\"min-h-8 text-message flex w-full flex-col items-end gap-2 whitespace-normal break-words text-start [.text-message+&amp;]:mt-5\" dir=\"auto\" data-message-author-role=\"assistant\" data-message-id=\"cbbd8257-8446-41c1-ab58-7f7ff994dcaa\" data-message-model-slug=\"gpt-4o-mini\"><div class=\"flex w-full flex-col gap-1 empty:hidden first:pt-[3px]\"><div class=\"markdown prose w-full break-words dark:prose-invert light\"><p><strong>EMPAT\u00cdA:<\/strong> Entendiendo las necesidades y emociones de nuestros clientes.<\/p><p><br \/><strong>PASI\u00d3N:<\/strong> Cada tratamiento se realiza con dedicaci\u00f3n, compromiso y amor por lo que hacemos.<\/p><p><br \/><strong>INNOVACI\u00d3N:<\/strong> Siempre estamos buscando nuevas formas de ofrecer experiencias \u00fanicas que superen las expectativas.<\/p><p><br \/><strong>CALIDAD:<\/strong> Nos comprometemos a utilizar los mejores productos y t\u00e9cnicas en cada servicio.<\/p><p>\u00a0<\/p><\/div><\/div><\/div><\/div><\/div><\/div>\t\t\t\t\t\t\t\t<\/div>\n\t\t\t\t<\/div>\n\t\t\t\t\t<\/div>\n\t\t<\/div>\n\t\t\t\t<div class=\"elementor-column elementor-col-50 elementor-top-column elementor-element elementor-element-8b662b4 elementor-invisible\" data-id=\"8b662b4\" data-element_type=\"column\" data-settings=\"{&quot;animation&quot;:&quot;fadeInRight&quot;,&quot;background_background&quot;:&quot;classic&quot;}\">\n\t\t\t<div class=\"elementor-widget-wrap elementor-element-populated\">\n\t\t\t\t\t\t<div class=\"elementor-element elementor-element-d040310 elementor-widget elementor-widget-image\" data-id=\"d040310\" data-element_type=\"widget\" data-widget_type=\"image.default\">\n\t\t\t\t<div class=\"elementor-widget-container\">\n\t\t\t\t\t\t\t\t\t\t\t\t\t\t\t<img loading=\"lazy\" decoding=\"async\" width=\"1200\" height=\"1600\" src=\"https:\/\/evolkwellness.com\/wp-content\/uploads\/2025\/01\/WhatsApp-Image-2025-01-19-at-11.53.20-AM-2.jpeg\" class=\"attachment-full size-full wp-image-660\" alt=\"\" srcset=\"https:\/\/evolkwellness.com\/wp-content\/uploads\/2025\/01\/WhatsApp-Image-2025-01-19-at-11.53.20-AM-2.jpeg 1200w, https:\/\/evolkwellness.com\/wp-content\/uploads\/2025\/01\/WhatsApp-Image-2025-01-19-at-11.53.20-AM-2-225x300.jpeg 225w, https:\/\/evolkwellness.com\/wp-content\/uploads\/2025\/01\/WhatsApp-Image-2025-01-19-at-11.53.20-AM-2-768x1024.jpeg 768w, https:\/\/evolkwellness.com\/wp-content\/uploads\/2025\/01\/WhatsApp-Image-2025-01-19-at-11.53.20-AM-2-1152x1536.jpeg 1152w, https:\/\/evolkwellness.com\/wp-content\/uploads\/2025\/01\/WhatsApp-Image-2025-01-19-at-11.53.20-AM-2-9x12.jpeg 9w\" sizes=\"(max-width: 1200px) 100vw, 1200px\" \/>\t\t\t\t\t\t\t\t\t\t\t\t\t\t\t<\/div>\n\t\t\t\t<\/div>\n\t\t\t\t\t<\/div>\n\t\t<\/div>\n\t\t\t\t\t<\/div>\n\t\t<\/section>\n\t\t\t\t<\/div>","protected":false},"excerpt":{"rendered":"<p>EVOLK WELLNESS About Us Discover the philosophy that guides us: comprehensive well-being, personalized care, and a holistic approach to your health and relaxation. A space dedicated to your well-being At our center, located in the heart of London, every effort is dedicated to offering a unique well-being and relaxation experience tailored to each client&#8217;s needs. [&hellip;]<\/p>","protected":false},"author":1,"featured_media":0,"parent":0,"menu_order":0,"comment_status":"closed","ping_status":"closed","template":"elementor_header_footer","meta":{"footnotes":""},"class_list":["post-49","page","type-page","status-publish","hentry"],"aioseo_notices":[],"_links":{"self":[{"href":"https:\/\/evolkwellness.com\/es\/wp-json\/wp\/v2\/pages\/49","targetHints":{"allow":["GET"]}}],"collection":[{"href":"https:\/\/evolkwellness.com\/es\/wp-json\/wp\/v2\/pages"}],"about":[{"href":"https:\/\/evolkwellness.com\/es\/wp-json\/wp\/v2\/types\/page"}],"author":[{"embeddable":true,"href":"https:\/\/evolkwellness.com\/es\/wp-json\/wp\/v2\/users\/1"}],"replies":[{"embeddable":true,"href":"https:\/\/evolkwellness.com\/es\/wp-json\/wp\/v2\/comments?post=49"}],"version-history":[{"count":37,"href":"https:\/\/evolkwellness.com\/es\/wp-json\/wp\/v2\/pages\/49\/revisions"}],"predecessor-version":[{"id":677,"href":"https:\/\/evolkwellness.com\/es\/wp-json\/wp\/v2\/pages\/49\/revisions\/677"}],"wp:attachment":[{"href":"https:\/\/evolkwellness.com\/es\/wp-json\/wp\/v2\/media?parent=49"}],"curies":[{"name":"wp","href":"https:\/\/api.w.org\/{rel}","templated":true}]}}