{"id":514,"date":"2025-01-14T12:04:28","date_gmt":"2025-01-14T12:04:28","guid":{"rendered":"https:\/\/evolkwellness.com\/?page_id=514"},"modified":"2025-02-07T13:10:50","modified_gmt":"2025-02-07T13:10:50","slug":"privacy-policy","status":"publish","type":"page","link":"https:\/\/evolkwellness.com\/es\/privacy-policy\/","title":{"rendered":"Pol\u00edtica de Privacidad"},"content":{"rendered":"<div data-elementor-type=\"wp-page\" data-elementor-id=\"514\" class=\"elementor elementor-514\">\n\t\t\t\t<div class=\"elementor-element elementor-element-a11fbe1 e-flex e-con-boxed e-con e-parent\" data-id=\"a11fbe1\" data-element_type=\"container\" data-settings=\"{&quot;background_background&quot;:&quot;classic&quot;}\">\n\t\t\t\t\t<div class=\"e-con-inner\">\n\t\t<div class=\"elementor-element elementor-element-2e09a72 e-con-full e-flex e-con e-child\" data-id=\"2e09a72\" data-element_type=\"container\">\n\t\t\t\t<div class=\"elementor-element elementor-element-9080ca3 elementor-widget elementor-widget-heading\" data-id=\"9080ca3\" data-element_type=\"widget\" data-widget_type=\"heading.default\">\n\t\t\t\t<div class=\"elementor-widget-container\">\n\t\t\t\t\t<h6 class=\"elementor-heading-title elementor-size-default\">evolk wellness<\/h6>\t\t\t\t<\/div>\n\t\t\t\t<\/div>\n\t\t\t\t<div class=\"elementor-element elementor-element-2482e33 elementor-widget elementor-widget-heading\" data-id=\"2482e33\" data-element_type=\"widget\" data-widget_type=\"heading.default\">\n\t\t\t\t<div class=\"elementor-widget-container\">\n\t\t\t\t\t<h1 class=\"elementor-heading-title elementor-size-default\">Pol\u00edtica de Privacidad <\/h1>\t\t\t\t<\/div>\n\t\t\t\t<\/div>\n\t\t\t\t<\/div>\n\t\t\t\t\t<\/div>\n\t\t\t\t<\/div>\n\t\t\t\t<section class=\"elementor-section elementor-top-section elementor-element elementor-element-85e97cb elementor-section-content-middle elementor-section-boxed elementor-section-height-default elementor-section-height-default\" data-id=\"85e97cb\" data-element_type=\"section\">\n\t\t\t\t\t\t<div class=\"elementor-container elementor-column-gap-default\">\n\t\t\t\t\t<div class=\"elementor-column elementor-col-100 elementor-top-column elementor-element elementor-element-ca6a0af elementor-invisible\" data-id=\"ca6a0af\" data-element_type=\"column\" data-settings=\"{&quot;animation&quot;:&quot;fadeInRight&quot;}\">\n\t\t\t<div class=\"elementor-widget-wrap elementor-element-populated\">\n\t\t\t\t\t\t<div class=\"elementor-element elementor-element-32a576f elementor-invisible elementor-widget elementor-widget-text-editor\" data-id=\"32a576f\" data-element_type=\"widget\" data-settings=\"{&quot;_animation&quot;:&quot;fadeInRight&quot;}\" data-widget_type=\"text-editor.default\">\n\t\t\t\t<div class=\"elementor-widget-container\">\n\t\t\t\t\t\t\t\t\t<p>\u00a0<\/p><p>En Evolk Wellness, nos comprometemos a proteger y respetar su privacidad. Esta Pol\u00edtica de privacidad explica c\u00f3mo recopilamos, usamos y protegemos la informaci\u00f3n personal que usted proporciona a trav\u00e9s de nuestro sitio web.<\/p><h4><strong>1. Informaci\u00f3n que recopilamos<\/strong><\/h4><p>Cuando completa nuestro formulario de contacto, recopilamos la siguiente informaci\u00f3n personal:<\/p><ul><li><strong>Nombre<\/strong><\/li><li><strong>Apellido<\/strong><\/li><li><strong>Direcci\u00f3n de correo electr\u00f3nico<\/strong><\/li><\/ul><p>Esta informaci\u00f3n se recopila \u00fanicamente con el fin de proporcionar nuestros servicios y mejorar la comunicaci\u00f3n con usted.<\/p><p>Adem\u00e1s, nuestro sitio web utiliza <strong>Google reCAPTCHA<\/strong> para prevenir spam y abuso. Este servicio puede recopilar y analizar datos como su direcci\u00f3n IP, informaci\u00f3n del navegador y patrones de interacci\u00f3n para determinar si los env\u00edos los realizan humanos o robots automatizados. Esta recopilaci\u00f3n de datos est\u00e1 sujeta a <strong>Pol\u00edtica de privacidad de Google<\/strong> (<a target=\"_new\" rel=\"noopener\">https:\/\/policies.google.com\/privacy<\/a>) and <strong>T\u00e9rminos de servicios<\/strong> (<a target=\"_new\" rel=\"noopener\">https:\/\/policies.google.com\/terms<\/a>).<\/p><h4><strong>2. C\u00f3mo utilizamos su informaci\u00f3n<\/strong><\/h4><p>Utilizamos la informaci\u00f3n personal que usted nos proporciona para:<\/p><ul><li>Responder a sus consultas<\/li><li>Comunicarnos con usted respecto a nuestros servicios<\/li><li>Mejorar nuestro servicio y experiencia de usuario<\/li><\/ul><h4><strong>3. Retenci\u00f3n de datos<\/strong><\/h4><p>Conservamos los datos que nos proporciona \u00fanicamente durante el tiempo necesario para cumplir con los fines descritos en esta Pol\u00edtica de privacidad. Una vez que ya no sean necesarios, la informaci\u00f3n se eliminar\u00e1 de nuestros registros.<\/p><h4><strong>4. Intercambio de datos<\/strong><\/h4><p>No compartimos su informaci\u00f3n personal con terceros. Sus datos permanecer\u00e1n estrictamente dentro de nuestra organizaci\u00f3n.<\/p><h4><strong>5. Transferencias de datos<\/strong><\/h4><p>No transferimos su informaci\u00f3n personal fuera de su pa\u00eds de residencia.<\/p><h4><strong>6. Privacidad de los ni\u00f1os<\/strong><\/h4><p>No recopilamos intencionalmente informaci\u00f3n personal de personas menores de 18 a\u00f1os. Si usted es padre o tutor y cree que su hijo nos ha proporcionado informaci\u00f3n personal, comun\u00edquese con nosotros de inmediato y tomaremos las medidas necesarias para eliminar dicha informaci\u00f3n.<\/p><h4><strong>7. Seguridad de sus datos<\/strong><\/h4><p>Nos comprometemos a garantizar la seguridad de sus datos personales. Implementamos medidas t\u00e9cnicas y organizativas adecuadas para proteger sus datos contra accesos, alteraciones, divulgaciones o destrucci\u00f3n no autorizados.<\/p><h4><strong>8. Sus derechos<\/strong><\/h4><p>Tiene derecho a acceder, actualizar o solicitar la eliminaci\u00f3n de sus datos personales en cualquier momento. Si desea ejercer estos derechos, comun\u00edquese con nosotros utilizando los detalles que se proporcionan a continuaci\u00f3n.<\/p><h4><strong>9. Informaci\u00f3n de contacto<\/strong><\/h4><p>Si tiene alguna pregunta o inquietud sobre esta Pol\u00edtica de privacidad o c\u00f3mo manejamos sus datos personales, cont\u00e1ctenos a:\u00a0<\/p><p>Evolk Wellness<br \/>Correo electr\u00f3nico: <a rel=\"noopener\">evolkwellness@gmail.com<\/a><br \/>Tel\u00e9fono: +44 7727 114112<br \/>Direcci\u00f3n: 422 Brixton Road, SW9 7AE Londres<\/p><h4><strong>10. Cambios a esta Pol\u00edtica de Privacidad<\/strong><\/h4><p>Es posible que actualicemos esta Pol\u00edtica de privacidad de vez en cuando. Cualquier cambio se reflejar\u00e1 en esta p\u00e1gina y la fecha de la \u00faltima actualizaci\u00f3n se indicar\u00e1 en la parte superior de la pol\u00edtica.<\/p>\t\t\t\t\t\t\t\t<\/div>\n\t\t\t\t<\/div>\n\t\t\t\t\t<\/div>\n\t\t<\/div>\n\t\t\t\t\t<\/div>\n\t\t<\/section>\n\t\t\t\t<\/div>","protected":false},"excerpt":{"rendered":"<p>evolk wellness Privacy Policy \u00a0 At Evolk Wellness , we are committed to protecting and respecting your privacy. This Privacy Policy explains how we collect, use, and protect the personal information you provide through our website. 1. Information We Collect When you fill out our contact form, we collect the following personal information: Name Surname [&hellip;]<\/p>","protected":false},"author":1,"featured_media":0,"parent":0,"menu_order":0,"comment_status":"closed","ping_status":"closed","template":"elementor_header_footer","meta":{"footnotes":""},"class_list":["post-514","page","type-page","status-publish","hentry"],"aioseo_notices":[],"_links":{"self":[{"href":"https:\/\/evolkwellness.com\/es\/wp-json\/wp\/v2\/pages\/514","targetHints":{"allow":["GET"]}}],"collection":[{"href":"https:\/\/evolkwellness.com\/es\/wp-json\/wp\/v2\/pages"}],"about":[{"href":"https:\/\/evolkwellness.com\/es\/wp-json\/wp\/v2\/types\/page"}],"author":[{"embeddable":true,"href":"https:\/\/evolkwellness.com\/es\/wp-json\/wp\/v2\/users\/1"}],"replies":[{"embeddable":true,"href":"https:\/\/evolkwellness.com\/es\/wp-json\/wp\/v2\/comments?post=514"}],"version-history":[{"count":19,"href":"https:\/\/evolkwellness.com\/es\/wp-json\/wp\/v2\/pages\/514\/revisions"}],"predecessor-version":[{"id":682,"href":"https:\/\/evolkwellness.com\/es\/wp-json\/wp\/v2\/pages\/514\/revisions\/682"}],"wp:attachment":[{"href":"https:\/\/evolkwellness.com\/es\/wp-json\/wp\/v2\/media?parent=514"}],"curies":[{"name":"wp","href":"https:\/\/api.w.org\/{rel}","templated":true}]}}