{"id":530,"date":"2025-01-14T12:33:52","date_gmt":"2025-01-14T12:33:52","guid":{"rendered":"https:\/\/evolkwellness.com\/?page_id=530"},"modified":"2025-01-14T12:39:03","modified_gmt":"2025-01-14T12:39:03","slug":"term-of-service","status":"publish","type":"page","link":"https:\/\/evolkwellness.com\/es\/term-of-service\/","title":{"rendered":"Term of Service"},"content":{"rendered":"<div data-elementor-type=\"wp-page\" data-elementor-id=\"530\" class=\"elementor elementor-530\">\n\t\t\t\t<div class=\"elementor-element elementor-element-8311765 e-flex e-con-boxed e-con e-parent\" data-id=\"8311765\" data-element_type=\"container\" data-settings=\"{&quot;background_background&quot;:&quot;classic&quot;}\">\n\t\t\t\t\t<div class=\"e-con-inner\">\n\t\t<div class=\"elementor-element elementor-element-4f366e1 e-con-full e-flex e-con e-child\" data-id=\"4f366e1\" data-element_type=\"container\">\n\t\t\t\t<div class=\"elementor-element elementor-element-0b0d1b8 elementor-widget elementor-widget-heading\" data-id=\"0b0d1b8\" data-element_type=\"widget\" data-widget_type=\"heading.default\">\n\t\t\t\t<div class=\"elementor-widget-container\">\n\t\t\t\t\t<h6 class=\"elementor-heading-title elementor-size-default\">EVOLK WELLNESS<\/h6>\t\t\t\t<\/div>\n\t\t\t\t<\/div>\n\t\t\t\t<div class=\"elementor-element elementor-element-bd4de3f elementor-widget elementor-widget-heading\" data-id=\"bd4de3f\" data-element_type=\"widget\" data-widget_type=\"heading.default\">\n\t\t\t\t<div class=\"elementor-widget-container\">\n\t\t\t\t\t<h1 class=\"elementor-heading-title elementor-size-default\">T\u00e9rminos de servicios<\/h1>\t\t\t\t<\/div>\n\t\t\t\t<\/div>\n\t\t\t\t<\/div>\n\t\t\t\t\t<\/div>\n\t\t\t\t<\/div>\n\t\t\t\t<section class=\"elementor-section elementor-top-section elementor-element elementor-element-bbacc7e elementor-section-content-middle elementor-section-boxed elementor-section-height-default elementor-section-height-default\" data-id=\"bbacc7e\" data-element_type=\"section\">\n\t\t\t\t\t\t<div class=\"elementor-container elementor-column-gap-default\">\n\t\t\t\t\t<div class=\"elementor-column elementor-col-100 elementor-top-column elementor-element elementor-element-fbb336a elementor-invisible\" data-id=\"fbb336a\" data-element_type=\"column\" data-settings=\"{&quot;animation&quot;:&quot;fadeInRight&quot;}\">\n\t\t\t<div class=\"elementor-widget-wrap elementor-element-populated\">\n\t\t\t\t\t\t<div class=\"elementor-element elementor-element-2db13ed elementor-invisible elementor-widget elementor-widget-text-editor\" data-id=\"2db13ed\" data-element_type=\"widget\" data-settings=\"{&quot;_animation&quot;:&quot;fadeInRight&quot;}\" data-widget_type=\"text-editor.default\">\n\t\t\t\t<div class=\"elementor-widget-container\">\n\t\t\t\t\t\t\t\t\t<p><strong>Fecha de vigencia:<\/strong>\u00a0 Enero de 2025<\/p><p>Bienvenido a <strong>Evolk Wellness<\/strong>, un proveedor de servicios de bienestar y masajes con sede en Londres, Reino Unido. Al acceder o utilizar nuestro sitio web y nuestros servicios, usted acepta cumplir y estar sujeto a los siguientes T\u00e9rminos de servicio (\u201cT\u00e9rminos\u201d). L\u00e9alos detenidamente.<\/p><h4>1. <strong>Descripci\u00f3n general del servicio<\/strong><\/h4><p>Nuestro sitio web ofrece servicios de bienestar, incluidos masajes terap\u00e9uticos y relajantes, tratamientos especializados y otros servicios relacionados con la salud. Nuestro objetivo es brindarle una experiencia relajante y curativa, pero al utilizar nuestros servicios, usted acepta cumplir con estos t\u00e9rminos.<\/p><h4>2. <strong>Responsabilidades del usuario<\/strong><\/h4><p>Al utilizar nuestro sitio web y nuestros servicios, usted acepta:<\/p><ul><li>No participar en actividades ilegales, abusivas o da\u00f1inas.<\/li><li>Proporcionar informaci\u00f3n precisa, veraz y actualizada al contactarnos o utilizar nuestros servicios.<\/li><li>Respetar la privacidad de otros usuarios y no hacer mal uso de su informaci\u00f3n personal.<\/li><\/ul><h4>3. <strong>Reservas y comunicaci\u00f3n<\/strong><\/h4><ul><li>Los usuarios pueden ponerse en contacto con nosotros a trav\u00e9s de formularios de la web donde recogemos informaci\u00f3n personal b\u00e1sica, como su nombre, apellidos y direcci\u00f3n de correo electr\u00f3nico. Esta informaci\u00f3n se utiliza \u00fanicamente con el fin de comunicarnos y prestar nuestros servicios.<\/li><li>No es necesario crear una cuenta para acceder a nuestros servicios.<\/li><li>No procesamos ning\u00fan pago en l\u00ednea a trav\u00e9s de nuestro sitio web.<\/li><\/ul><h4>4. <strong>Privacidad<\/strong><\/h4><p>Nos tomamos muy en serio su privacidad. Consulte nuestra <a href=\"https:\/\/evolkwellness.com\/es\/privacy-policy\/\"><strong>Pol\u00edtica de Privacidad<\/strong> <\/a>para comprender c\u00f3mo recopilamos, almacenamos y utilizamos su informaci\u00f3n personal.<\/p><h4>5.<strong>Derecho a rechazar el servicio<\/strong><\/h4><p>Evolk Wellness se reserva el derecho de rechazar el servicio a cualquier persona a nuestra discreci\u00f3n. Podemos rechazar el servicio si un cliente muestra un comportamiento da\u00f1ino, abusivo o inapropiado, que incluye, entre otros, agresi\u00f3n, acoso o acciones que podr\u00edan poner en riesgo a otros clientes o a nuestro personal. Priorizamos la seguridad, la comodidad y el bienestar de todos los clientes y miembros del personal.<\/p><h4><strong>6. Responsabilidad y exenciones de responsabilidad<\/strong><\/h4><p>Evolk Wellness no garantiza ning\u00fan resultado espec\u00edfico de sus servicios. Nuestros tratamientos y terapias est\u00e1n dise\u00f1ados para mejorar la relajaci\u00f3n y el bienestar, pero no son tratamientos m\u00e9dicos. Recomendamos que los clientes consulten con un proveedor de atenci\u00f3n m\u00e9dica antes de someterse a cualquier tratamiento si tienen problemas de salud espec\u00edficos.<\/p><h4>7. <strong>Dispute Resolution<\/strong><\/h4><p>Cualquier disputa que surja de estos T\u00e9rminos o del uso de nuestros servicios o est\u00e9 relacionada con ellos se resolver\u00e1 conforme a las leyes del Reino Unido. Usted acepta someterse a la jurisdicci\u00f3n exclusiva de los tribunales del Reino Unido.<\/p><h4>8. <strong>Cambios en los T\u00e9rminos<\/strong><\/h4><p>Nos reservamos el derecho de actualizar o modificar estos T\u00e9rminos en cualquier momento sin previo aviso. Cualquier cambio se publicar\u00e1 en esta p\u00e1gina con una \u201cFecha de entrada en vigor\u201d actualizada. Es su responsabilidad revisar los T\u00e9rminos peri\u00f3dicamente.<\/p><h4>9. <strong>Informaci\u00f3n del contacto<\/strong><\/h4><p>Si tiene alguna pregunta sobre estos T\u00e9rminos o nuestros servicios, no dude en contactarnos:<\/p><ul><li><strong>Correo electr\u00f3nico:<\/strong> <a rel=\"noopener\">evolkwellness@gmail.com<\/a><\/li><li><strong>Tel\u00e9fono<\/strong> +44 7727 114112<\/li><li><strong>Direcci\u00f3n<\/strong> 422 Brixton Road, SW9 7AE London<\/li><\/ul><p>Al utilizar nuestro sitio web y nuestros servicios, usted acepta estos T\u00e9rminos. Si no los acepta, no utilice nuestros servicios ni nuestro sitio web.<\/p>\t\t\t\t\t\t\t\t<\/div>\n\t\t\t\t<\/div>\n\t\t\t\t\t<\/div>\n\t\t<\/div>\n\t\t\t\t\t<\/div>\n\t\t<\/section>\n\t\t\t\t<\/div>","protected":false},"excerpt":{"rendered":"<p>EVOLK WELLNESS Terms of Service Effective Date:\u00a0 January 2025 Welcome to Evolk Wellness, a wellness and massage service provider based in London, UK. By accessing or using our website and services, you agree to comply with and be bound by the following Terms of Service (&#8220;Terms&#8221;). Please read them carefully. 1. Service Overview Our website [&hellip;]<\/p>","protected":false},"author":1,"featured_media":0,"parent":0,"menu_order":0,"comment_status":"closed","ping_status":"closed","template":"elementor_header_footer","meta":{"footnotes":""},"class_list":["post-530","page","type-page","status-publish","hentry"],"aioseo_notices":[],"_links":{"self":[{"href":"https:\/\/evolkwellness.com\/es\/wp-json\/wp\/v2\/pages\/530","targetHints":{"allow":["GET"]}}],"collection":[{"href":"https:\/\/evolkwellness.com\/es\/wp-json\/wp\/v2\/pages"}],"about":[{"href":"https:\/\/evolkwellness.com\/es\/wp-json\/wp\/v2\/types\/page"}],"author":[{"embeddable":true,"href":"https:\/\/evolkwellness.com\/es\/wp-json\/wp\/v2\/users\/1"}],"replies":[{"embeddable":true,"href":"https:\/\/evolkwellness.com\/es\/wp-json\/wp\/v2\/comments?post=530"}],"version-history":[{"count":7,"href":"https:\/\/evolkwellness.com\/es\/wp-json\/wp\/v2\/pages\/530\/revisions"}],"predecessor-version":[{"id":547,"href":"https:\/\/evolkwellness.com\/es\/wp-json\/wp\/v2\/pages\/530\/revisions\/547"}],"wp:attachment":[{"href":"https:\/\/evolkwellness.com\/es\/wp-json\/wp\/v2\/media?parent=530"}],"curies":[{"name":"wp","href":"https:\/\/api.w.org\/{rel}","templated":true}]}}